{"id":585,"date":"2023-02-24T10:44:41","date_gmt":"2023-02-24T10:44:41","guid":{"rendered":"https:\/\/deconfining.eu\/a-propos\/"},"modified":"2023-07-04T11:31:55","modified_gmt":"2023-07-04T11:31:55","slug":"a-propos","status":"publish","type":"page","link":"https:\/\/deconfining.eu\/fr\/a-propos\/","title":{"rendered":"\u00c0 propos"},"content":{"rendered":"\n<p>DECONFINING est un projet de quatre ans financ\u00e9 par l&rsquo;UE qui explore et d\u00e9veloppe de nouveaux modes de collaboration entre les praticiens de la culture, les artistes, les d\u00e9cideurs politiques et les publics de deux continents &#8211; l&rsquo;Europe et l&rsquo;Afrique.<\/p>\n","protected":false},"excerpt":{"rendered":"<p>DECONFINING est un projet de quatre ans financ\u00e9 par l&rsquo;UE qui explore et d\u00e9veloppe de nouveaux modes de collaboration entre les praticiens de la culture, les artistes, les d\u00e9cideurs politiques et les publics de deux continents &#8211; l&rsquo;Europe et l&rsquo;Afrique.<\/p>\n","protected":false},"author":2,"featured_media":0,"parent":0,"menu_order":12,"comment_status":"closed","ping_status":"open","template":"templates\/template-flexible.php","meta":{"_acf_changed":false,"footnotes":""},"class_list":["post-585","page","type-page","status-publish","hentry"],"acf":[],"_links":{"self":[{"href":"https:\/\/deconfining.eu\/fr\/wp-json\/wp\/v2\/pages\/585","targetHints":{"allow":["GET"]}}],"collection":[{"href":"https:\/\/deconfining.eu\/fr\/wp-json\/wp\/v2\/pages"}],"about":[{"href":"https:\/\/deconfining.eu\/fr\/wp-json\/wp\/v2\/types\/page"}],"author":[{"embeddable":true,"href":"https:\/\/deconfining.eu\/fr\/wp-json\/wp\/v2\/users\/2"}],"replies":[{"embeddable":true,"href":"https:\/\/deconfining.eu\/fr\/wp-json\/wp\/v2\/comments?post=585"}],"version-history":[{"count":7,"href":"https:\/\/deconfining.eu\/fr\/wp-json\/wp\/v2\/pages\/585\/revisions"}],"predecessor-version":[{"id":725,"href":"https:\/\/deconfining.eu\/fr\/wp-json\/wp\/v2\/pages\/585\/revisions\/725"}],"wp:attachment":[{"href":"https:\/\/deconfining.eu\/fr\/wp-json\/wp\/v2\/media?parent=585"}],"curies":[{"name":"wp","href":"https:\/\/api.w.org\/{rel}","templated":true}]}}